{"id":2885,"date":"2025-03-27T15:51:57","date_gmt":"2025-03-27T14:51:57","guid":{"rendered":"https:\/\/cmslowianska.pl\/?page_id=2885"},"modified":"2025-03-27T15:51:57","modified_gmt":"2025-03-27T14:51:57","slug":"klauzula-informacyjna","status":"publish","type":"page","link":"https:\/\/cmslowianska.pl\/?page_id=2885","title":{"rendered":"KLAUZULA INFORMACYJNA"},"content":{"rendered":"<p>Prosimy o zapoznanie si\u0119 z poni\u017csz\u0105 Klauzul\u0105 informacyjn\u0105 dotycz\u0105c\u0105 ochrony danych osobowych pacjent\u00f3w. Klauzula ma charakter informacyjny, w zwi\u0105zku z powy\u017cszym nie musicie si\u0119 Pa\u0144stwo z nami kontaktowa\u0107, ani sk\u0142ada\u0107 jakichkolwiek o\u015bwiadcze\u0144.<\/p>\n<p>Zgodnie z art. 13 ust. 1 i ust. 2 og\u00f3lnego rozporz\u0105dzenia o ochronie danych osobowych z dnia 27 kwietnia 2016 r. (dalej RODO) informuj\u0119, i\u017c:<\/p>\n<p>1.Administratorem Pani\/Pana danych osobowych jest ACTA Senat Szczepa\u0144ski i Partnerzy Sp\u00f3\u0142ka Partnerska Lekarzy w G\u0142ogowie, ul. S\u0142owia\u0144ska 12, 67-200 G\u0142og\u00f3w, tel. 570000650 (dalej: Sp\u00f3\u0142ka, administrator danych).<\/p>\n<p>2.Osob\u0105 kontaktow\u0105 w sprawach ochrony danych osobowych jest Iwona Szczepa\u0144ska dost\u0119pna pod adresem<br \/>\n67-200 G\u0142og\u00f3w, ul. S\u0142owia\u0144ska 12 lub mailowo pod adresem: kontakt@cms.glogow.pl<\/p>\n<p>3. Pani\/Pana dane osobowe przetwarzane b\u0119d\u0105 w celach niezb\u0119dnych do zapewnienia ci\u0105g\u0142o\u015bci i kompleksowo\u015bci opieki zdrowotnej zgodnie z obowi\u0105zuj\u0105cymi w Polsce przepisami prawa w zakresie: diagnostyki, leczenia, rehabilitacji, profilaktyki, w tym promocji zdrowia oraz ochrony stanu zdrowia i zarz\u0105dzania udzielanymi us\u0142ugami medycznymi.<\/p>\n<p>4. Pani\/Pana dane osobowe przetwarzane b\u0119d\u0105 na podstawie:<br \/>\n\u2022 Art.9ust.2 lit.h) RODO w zw. z przepisami ustawy z dnia 15 kwietnia 2011r. o dzia\u0142alno\u015bci leczniczej oraz ustawy z dnia 06 listopada 2008r. o prawach pacjenta i Rzeczniku Praw Pacjenta.<br \/>\n\u2022 Dochodzenia roszcze\u0144 z tytu\u0142u prowadzonej przez nas dzia\u0142alno\u015bci gospodarczej i tym samym przetwarzania Pani\/Pana danych w tym celu. Podstawa prawna \u2013 art.6 ust.1 lit.b oraz f RODO, jako tzw. Prawnie uzasadniony interes administratora, kt\u00f3rym jest dochodzenie naszych roszcze\u0144 i obrona naszych praw.<br \/>\n\u2022 Prowadzenia ksi\u0105g rachunkowych oraz zwi\u0105zanych z tym obowi\u0105zk\u00f3w podatkowych \u2013 wystawiamy<br \/>\nnp. faktury za wykonane przez nas us\u0142ugi, co mo\u017ce wi\u0105za\u0107 si\u0119 z konieczno\u015bci\u0105 przetwarzania Pani\/Pana danych osobowych. Podstawa prawna \u2013 Art.6 ust.1 lit.c RODO w zw. z art.74 ust.2 ustawy z dnia 29 wrze\u015bnia 1994 roku o rachunkowo\u015bci.<br \/>\n\u2022 Przetwarzanie Pani\/Pana danych w innych celach ani\u017celi opisane w pkt.3, np. w celach marketingowych odbywa si\u0119 na podstawie dobrowolnej, jednoznacznej i \u015bwiadomej Pani\/Pana zgody.<\/p>\n<p>5. Odbiorcami danych osobowych mog\u0105 by\u0107 tylko podmioty uprawnione w uzasadnionych przypadkach i na podstawie odpowiednich przepis\u00f3w prawa, w szczeg\u00f3lno\u015bci b\u0119d\u0105 to upowa\u017cnione organy pa\u0144stwowe, firmy na podstawie um\u00f3w powierzenia danych.<\/p>\n<p>6. Dane osobowe przetwarzane b\u0119d\u0105:<br \/>\n\u2022 Przez czas udzielania \u015bwiadcze\u0144 medycznych oraz us\u0142ug z nimi zwi\u0105zanych lub powi\u0105zanych,<br \/>\n\u2022 Przez czas, w kt\u00f3rym przepisy obowi\u0105zuj\u0105cego prawa nakazuj\u0105 Administratorowi przechowywa\u0107 Pani\/Pana dane przez 20 lat zgodnie z Rozporz\u0105dzeniem Ministra Zdrowia z dnia 6 kwietnia 2020 r.<br \/>\nw sprawie rodzaj\u00f3w, zakresu i wzor\u00f3w dokumentacji medycznej oraz sposobu jej przetwarzania,<br \/>\n\u2022 W okresie, w kt\u00f3rym Administrator mo\u017ce ponie\u015b\u0107 konsekwencje prawne niewykonania danego obowi\u0105zku, wynikaj\u0105cego z obowi\u0105zuj\u0105cych przepis\u00f3w prawa,<br \/>\n\u2022 Okresach okre\u015blonych w Ustawie z dnia 6 listopada 2008r. o prawach pacjenta i rzeczniku Praw Pacjenta art.29 ust.1 je\u015bli dotyczy,<br \/>\n\u2022 Przez czas trwania zawartych um\u00f3w, a nast\u0119pnie przez okres, po kt\u00f3rym przedawni\u0105 si\u0119 roszczenia wynikaj\u0105cej \u0142\u0105cz\u0105cej Pani\/Pana i Administratora umowy, a w przypadku dochodzenia przez Administratora roszcze\u0144 lub zawiadamiania w\u0142a\u015bciwych organ\u00f3w \u2013 przez czas trwania takich post\u0119powa\u0144.<\/p>\n<p>7. W zwi\u0105zku z przetwarzaniem przez Administratora Pani\/Pana danych osobowych, przys\u0142uguje Pani\/Panu:<br \/>\n\u2022 Prawo dost\u0119pu do tre\u015bci swoich danych,<br \/>\n\u2022 Prawo do sprostowania swoich danych,<br \/>\n\u2022 Prawo do usuni\u0119cia swoich danych,<br \/>\n\u2022 Prawo do ograniczenia przetwarzania swoich danych,<br \/>\n\u2022 Prawo do przenoszenia swoich danych,<br \/>\n\u2022 Prawo do sprzeciwu.<\/p>\n<p>Informujemy jednocze\u015bnie, \u017ce przys\u0142uguj\u0105ce Pani\/Panu prawo do bycia zapomnianym oraz prawo sprzeciwu wobec przetwarzania danych osobowych mo\u017ce zosta\u0107 ograniczone z uwagi na cel w jakim dane te s\u0105 przetwarzane tj. realizacja \u015bwiadcze\u0144 zdrowotnych.<\/p>\n<p>8. Przys\u0142uguje Pa\u0144stwu prawo z\u0142o\u017cenia skargi do Administratora lub do organu nadzorczego ds.ochrony danych, kt\u00f3rym jest Prezes Urz\u0119du Ochrony Danych Osobowych, ul. Stawki 2, 00-193 Warszawa.<\/p>\n<p>9. Warunkiem udzielenia \u015bwiadcze\u0144 medycznych jest przekazanie przez Pani\u0105\/Pana danych osobowych na formularzach rejestracyjnych, formularzach zg\u00f3d, umowach oraz innych dokumentach zwi\u0105zanych bezpo\u015brednio czy po\u015brednio z us\u0142ugami \u015bwiadczonymi przez Administratora. Weryfikacja Pani\/Pana danych mo\u017ce by\u0107 w oparciu o dow\u00f3d osobisty, paszport lub inny dokument ze zdj\u0119ciem stwierdzaj\u0105cy to\u017csamo\u015b\u0107,<br \/>\nw spos\u00f3b zgodny z obowi\u0105zuj\u0105cymi przepisami.<\/p>\n<p>10. Podanie danych osobowych w zakresie wymaganym ustawodawstwem medycznym jest obligatoryjne,<br \/>\na w pozosta\u0142ym zakresie jest dobrowolne. Niepodanie danych osobowych w zakresie wymaganym ustawodawstwem medycznym mo\u017ce skutkowa\u0107 odmow\u0105 wykonania umowy z uwagi na brak mo\u017cliwo\u015bci jej wykonania. Ze wzgl\u0119d\u00f3w rachunkowych czy podatkowych brak podania danych mo\u017ce skutkowa\u0107<br \/>\nnp. niemo\u017cno\u015bci\u0105 wystawienia faktury czy dokumentu ksi\u0119gowego na Pa\u0144stwa rzecz.<\/p>\n<p>11. Administrator nie stosuje zautomatyzowanego podejmowania decyzji, w tym profilowania.<\/p>\n<p>12. Dane osobowe nie b\u0119d\u0105 przetwarzane w celu innym ni\u017c zosta\u0142y zebrane oraz nie b\u0119d\u0105 przekazywane do pa\u0144stw trzecich.<\/p>\n","protected":false},"excerpt":{"rendered":"<p>Prosimy o zapoznanie si\u0119 z poni\u017csz\u0105 Klauzul\u0105 informacyjn\u0105 dotycz\u0105c\u0105 ochrony danych osobowych pacjent\u00f3w. Klauzula ma charakter informacyjny, w zwi\u0105zku z powy\u017cszym nie musicie si\u0119 Pa\u0144stwo z nami kontaktowa\u0107, ani sk\u0142ada\u0107 jakichkolwiek o\u015bwiadcze\u0144. Zgodnie z art. 13 ust. 1 i ust. 2 og\u00f3lnego rozporz\u0105dzenia o ochronie danych osobowych z dnia 27<\/p>\n","protected":false},"author":1,"featured_media":0,"parent":0,"menu_order":0,"comment_status":"closed","ping_status":"closed","template":"","meta":{"footnotes":""},"class_list":["post-2885","page","type-page","status-publish","hentry"],"_links":{"self":[{"href":"https:\/\/cmslowianska.pl\/index.php?rest_route=\/wp\/v2\/pages\/2885","targetHints":{"allow":["GET"]}}],"collection":[{"href":"https:\/\/cmslowianska.pl\/index.php?rest_route=\/wp\/v2\/pages"}],"about":[{"href":"https:\/\/cmslowianska.pl\/index.php?rest_route=\/wp\/v2\/types\/page"}],"author":[{"embeddable":true,"href":"https:\/\/cmslowianska.pl\/index.php?rest_route=\/wp\/v2\/users\/1"}],"replies":[{"embeddable":true,"href":"https:\/\/cmslowianska.pl\/index.php?rest_route=%2Fwp%2Fv2%2Fcomments&post=2885"}],"version-history":[{"count":1,"href":"https:\/\/cmslowianska.pl\/index.php?rest_route=\/wp\/v2\/pages\/2885\/revisions"}],"predecessor-version":[{"id":2886,"href":"https:\/\/cmslowianska.pl\/index.php?rest_route=\/wp\/v2\/pages\/2885\/revisions\/2886"}],"wp:attachment":[{"href":"https:\/\/cmslowianska.pl\/index.php?rest_route=%2Fwp%2Fv2%2Fmedia&parent=2885"}],"curies":[{"name":"wp","href":"https:\/\/api.w.org\/{rel}","templated":true}]}}